{"id":176,"date":"2023-10-06T13:35:32","date_gmt":"2023-10-06T11:35:32","guid":{"rendered":"http:\/\/systemyszynowe.online\/?page_id=176"},"modified":"2023-10-09T09:31:35","modified_gmt":"2023-10-09T07:31:35","slug":"redakcja","status":"publish","type":"page","link":"https:\/\/systemyszynowe.online\/?page_id=176","title":{"rendered":"Redakcja"},"content":{"rendered":"\n<p class=\"has-text-align-center\"><strong>Kim jeste\u015bmy i dlaczego prowadzimy blog o o\u015bwietleniu szynowym?<\/strong><\/p>\n\n\n\n<p class=\"has-text-align-center\">Jeste\u015bmy pasjonatami nowoczesnego designu i technologii o\u015bwietleniowej.  Nasz zesp\u00f3\u0142 z\u0142o\u017cony jest z ekspert\u00f3w, projektant\u00f3w wn\u0119trz oraz  entuzjast\u00f3w o\u015bwietlenia, kt\u00f3rzy postanowili podzieli\u0107 si\u0119 swoj\u0105 wiedz\u0105 i  do\u015bwiadczeniem z szerokim gronem odbiorc\u00f3w.<\/p>\n\n\n\n<p class=\"has-text-align-center\"><strong>Cel:<\/strong><\/p>\n\n\n\n<p class=\"has-text-align-center\">Promowanie wiedzy o o\u015bwietleniu szynowym, jego zaletach, mo\u017cliwo\u015bciach oraz trendach. Chcemy, aby ka\u017cdy, kto odwiedza nasz blog, m\u00f3g\u0142 czerpa\u0107 inspiracje, zdobywa\u0107 wskaz\u00f3wki i radzi\u0107 sobie z wyzwaniami zwi\u0105zanymi z instalacj\u0105 i konserwacj\u0105 tego typu o\u015bwietlenia. Wierzymy, \u017ce dobrze dobrany system o\u015bwietleniowy mo\u017ce przemieni\u0107 ka\u017cd\u0105 przestrze\u0144 \u2013 uczyni\u0107 j\u0105 bardziej funkcjonaln\u0105, przytuln\u0105 i stylow\u0105.<\/p>\n\n\n\n<p class=\"has-text-align-center\"><strong>Misja:<\/strong><\/p>\n\n\n\n<ul class=\"wp-block-list\">\n<li>&#8222;\u015awiat\u0142o to wi\u0119cej ni\u017c tylko \u017ar\u00f3d\u0142o jasno\u015bci. To spos\u00f3b na wyra\u017cenie siebie i kszta\u0142towanie przestrzeni.&#8221;<\/li>\n\n\n\n<li>&#8222;O\u015bwietlenie szynowe to przysz\u0142o\u015b\u0107 designu \u2013 elastyczne, efektywne, eleganckie.&#8221;<\/li>\n\n\n\n<li>&#8222;Ka\u017cdy zak\u0105tek Twojego domu czy biura zas\u0142uguje na idealnie dobran\u0105 opraw\u0119 \u015bwietln\u0105.&#8221;<\/li>\n\n\n\n<li>&#8222;Nie tylko \u015bledzimy najnowsze trendy w o\u015bwietleniu szynowym, ale te\u017c aktywnie uczestniczymy w ich kszta\u0142towaniu.&#8221;<\/li>\n<\/ul>\n\n\n\n<p><\/p>\n\n\n\n<p><\/p>\n\n\n\n<div class=\"wp-block-columns is-layout-flex wp-container-core-columns-is-layout-9d6595d7 wp-block-columns-is-layout-flex\">\n<div class=\"wp-block-column is-layout-flow wp-block-column-is-layout-flow\">\n<figure class=\"wp-block-gallery has-nested-images columns-default is-cropped wp-block-gallery-1 is-layout-flex wp-block-gallery-is-layout-flex\">\n<figure class=\"wp-block-image size-large is-style-rounded\"><img decoding=\"async\" data-id=\"254\" src=\"https:\/\/azzardolampy.pl\/wp-content\/uploads\/2023\/10\/KK-1.png\" alt=\"\" class=\"wp-image-254\"\/><\/figure>\n<\/figure>\n<\/div>\n\n\n\n<div class=\"wp-block-column is-layout-flow wp-block-column-is-layout-flow\">\n<p><strong><strong>Lena Kowalska<\/strong><\/strong><\/p>\n\n\n\n<p>Lena jest niezwykle utalentowan\u0105 projektantk\u0105 wn\u0119trz, kt\u00f3ra przez ostatnie 4 lata tworzy\u0142a unikalne i innowacyjne przestrzenie dla swoich klient\u00f3w. Jej projekty charakteryzuj\u0105 si\u0119 \u015bwie\u017co\u015bci\u0105, kreatywno\u015bci\u0105 i doskona\u0142ym zmys\u0142em estetyki.<\/p>\n\n\n\n<p>Poza prac\u0105, Lena jest zapalonym podr\u00f3\u017cnikiem, kt\u00f3ry z zapa\u0142em odkrywa najbardziej urokliwe zak\u0105tki \u015bwiata. W wolnych chwilach mo\u017cna j\u0105 spotka\u0107 na \u015bcie\u017cce biegowej czy na si\u0142owni.<\/p>\n<\/div>\n<\/div>\n\n\n\n<div class=\"wp-block-columns is-layout-flex wp-container-core-columns-is-layout-9d6595d7 wp-block-columns-is-layout-flex\">\n<div class=\"wp-block-column is-layout-flow wp-block-column-is-layout-flow\">\n<figure class=\"wp-block-image size-full is-style-rounded\"><img decoding=\"async\" src=\"https:\/\/azzardolampy.pl\/wp-content\/uploads\/2023\/10\/KK-2.png\" alt=\"\" class=\"wp-image-255\"\/><\/figure>\n<\/div>\n\n\n\n<div class=\"wp-block-column is-layout-flow wp-block-column-is-layout-flow\">\n<p><strong>Karolina Nowak<\/strong><\/p>\n\n\n\n<p>Uko\u0144czywszy studia z zakresu Dziennikarstwa i Komunikacji Spo\u0142ecznej na Uniwersytecie Warszawskim, Karolina do\u0142\u0105czy\u0142a do naszej redakcji, przynosz\u0105c ze sob\u0105 \u015bwie\u017ce spojrzenie i niebywa\u0142\u0105 pasj\u0119 do pisania. Jej artyku\u0142y cechuj\u0105 si\u0119 precyzj\u0105, g\u0142\u0119bi\u0105 analizy oraz unikalnym stylem, kt\u00f3ry potrafi przyci\u0105gn\u0105\u0107 uwag\u0119 czytelnika od pierwszego zdania.<\/p>\n\n\n\n<p>Karolina od najm\u0142odszych lat marzy\u0142a o karierze redaktora, a jej zaanga\u017cowanie w ka\u017cdy tekst \u015bwiadczy o tym, \u017ce jest w pe\u0142ni oddana swojej pracy.<\/p>\n<\/div>\n<\/div>\n\n\n\n<div class=\"wp-block-columns is-layout-flex wp-container-core-columns-is-layout-9d6595d7 wp-block-columns-is-layout-flex\">\n<div class=\"wp-block-column is-layout-flow wp-block-column-is-layout-flow\">\n<figure class=\"wp-block-gallery has-nested-images columns-default is-cropped wp-block-gallery-2 is-layout-flex wp-block-gallery-is-layout-flex\">\n<figure class=\"wp-block-image size-large is-style-rounded\"><img decoding=\"async\" data-id=\"256\" src=\"https:\/\/azzardolampy.pl\/wp-content\/uploads\/2023\/10\/KK-3.png\" alt=\"\" class=\"wp-image-256\"\/><\/figure>\n<\/figure>\n<\/div>\n\n\n\n<div class=\"wp-block-column is-layout-flow wp-block-column-is-layout-flow\">\n<p><strong><strong>Magdalena Zieli\u0144ska<\/strong><\/strong><br><\/p>\n\n\n\n<p>Po uko\u0144czeniu studi\u00f3w informatycznych na Politechnice Wroc\u0142awskiej, Magdalena zanurzy\u0142a si\u0119 w fascynuj\u0105cy \u015bwiat marketingu. Jej techniczne t\u0142o pozwoli\u0142ona g\u0142\u0119bokie zrozumienie najnowszych trend\u00f3w w cyfrowej promocji, jednak to pisanie by\u0142o jej prawdziw\u0105 pasj\u0105 od najm\u0142odszych lat.<\/p>\n\n\n\n<p>Chocia\u017c sukcesy w marketingu przynosi\u0142y jej wiele satysfakcji, to jednak d\u0142ugopis i klawiatura zawsze przyci\u0105ga\u0142y j\u0105 mocniej. <\/p>\n\n\n\n<p><br><\/p>\n<\/div>\n<\/div>\n\n\n\n<div class=\"wp-block-columns is-layout-flex wp-container-core-columns-is-layout-9d6595d7 wp-block-columns-is-layout-flex\">\n<div class=\"wp-block-column is-layout-flow wp-block-column-is-layout-flow\">\n<figure class=\"wp-block-image size-full is-style-rounded\"><img decoding=\"async\" src=\"https:\/\/azzardolampy.pl\/wp-content\/uploads\/2023\/10\/KK-4.png\" alt=\"\" class=\"wp-image-257\"\/><\/figure>\n<\/div>\n\n\n\n<div class=\"wp-block-column is-layout-flow wp-block-column-is-layout-flow\">\n<p><strong><strong>Oleksandr Ivanov<\/strong><\/strong><br>Urodzony i wychowany w sercu Ukrainy, w malowniczym Kijowie, jest wyj\u0105tkow\u0105 postaci\u0105 w naszym zespole redakcyjnym. Jego wykszta\u0142cenie rozpocz\u0105\u0142 na presti\u017cowej Akademii Dziennikarstwa w Kijowie, gdzie naby\u0142 niezb\u0119dne umiej\u0119tno\u015bci i wiedz\u0119, dzi\u0119ki kt\u00f3rym sta\u0142 si\u0119 wybitnym redaktorem.<br>Mimo \u017ce mia\u0142 wiele okazji do pracy w wielu uznanych mediach na Ukrainie, Oleksandr zdecydowa\u0142 si\u0119 na mi\u0119dzynarodow\u0105 \u015bcie\u017ck\u0119 kariery, co doprowadzi\u0142o go do naszej redakcji. <br><\/p>\n\n\n\n<p>Za spraw\u0105 Oleksandra nasze artyku\u0142y zyskuj\u0105 nowy, mi\u0119dzynarodowy wymiar, a jego zaanga\u017cowanie w tworzenie tre\u015bci jest \u017ar\u00f3d\u0142em inspiracji dla ca\u0142ego zespo\u0142u.<\/p>\n<\/div>\n<\/div>\n\n\n\n<p class=\"has-text-align-center\">Nasz blog to przestrze\u0144 dialogu i wymiany do\u015bwiadcze\u0144. Zach\u0119camy do aktywnego uczestnictwa w dyskusji, zadawania pyta\u0144 i dzielenia si\u0119 swoimi osi\u0105gni\u0119ciami w dziedzinie o\u015bwietlenia szynowego. <br>Razem tworzymy spo\u0142eczno\u015b\u0107 ludzi, dla kt\u00f3rych \u015bwiat\u0142o to nie tylko narz\u0119dzie, ale prawdziwa pasja.<\/p>\n","protected":false},"excerpt":{"rendered":"<p>Kim jeste\u015bmy i dlaczego prowadzimy blog o o\u015bwietleniu szynowym? Jeste\u015bmy pasjonatami nowoczesnego designu i technologii o\u015bwietleniowej. Nasz zesp\u00f3\u0142 z\u0142o\u017cony jest z ekspert\u00f3w, projektant\u00f3w wn\u0119trz oraz entuzjast\u00f3w o\u015bwietlenia, kt\u00f3rzy postanowili podzieli\u0107 si\u0119 swoj\u0105 wiedz\u0105 i do\u015bwiadczeniem z szerokim gronem odbiorc\u00f3w. Cel: Promowanie wiedzy o o\u015bwietleniu szynowym, jego zaletach, mo\u017cliwo\u015bciach oraz trendach. Chcemy, aby ka\u017cdy, kto odwiedza &hellip; <\/p>\n","protected":false},"author":1,"featured_media":0,"parent":0,"menu_order":0,"comment_status":"closed","ping_status":"closed","template":"","meta":{"footnotes":""},"class_list":["post-176","page","type-page","status-publish","hentry"],"aioseo_notices":[],"yoast_head":"<!-- This site is optimized with the Yoast SEO plugin v27.4 - https:\/\/yoast.com\/product\/yoast-seo-wordpress\/ -->\n<title>Redakcja - Systemyszynowe.online<\/title>\n<meta name=\"robots\" content=\"index, follow, max-snippet:-1, max-image-preview:large, max-video-preview:-1\" \/>\n<link rel=\"canonical\" href=\"https:\/\/systemyszynowe.online\/?page_id=176\" \/>\n<meta property=\"og:locale\" content=\"pl_PL\" \/>\n<meta property=\"og:type\" content=\"article\" \/>\n<meta property=\"og:title\" content=\"Redakcja - Systemyszynowe.online\" \/>\n<meta property=\"og:description\" content=\"Kim jeste\u015bmy i dlaczego prowadzimy blog o o\u015bwietleniu szynowym? Jeste\u015bmy pasjonatami nowoczesnego designu i technologii o\u015bwietleniowej. Nasz zesp\u00f3\u0142 z\u0142o\u017cony jest z ekspert\u00f3w, projektant\u00f3w wn\u0119trz oraz entuzjast\u00f3w o\u015bwietlenia, kt\u00f3rzy postanowili podzieli\u0107 si\u0119 swoj\u0105 wiedz\u0105 i do\u015bwiadczeniem z szerokim gronem odbiorc\u00f3w. Cel: Promowanie wiedzy o o\u015bwietleniu szynowym, jego zaletach, mo\u017cliwo\u015bciach oraz trendach. Chcemy, aby ka\u017cdy, kto odwiedza &hellip;\" \/>\n<meta property=\"og:url\" content=\"https:\/\/systemyszynowe.online\/?page_id=176\" \/>\n<meta property=\"og:site_name\" content=\"Systemyszynowe.online\" \/>\n<meta property=\"article:modified_time\" content=\"2023-10-09T07:31:35+00:00\" \/>\n<meta property=\"og:image\" content=\"https:\/\/azzardolampy.pl\/wp-content\/uploads\/2023\/10\/KK-1.png\" \/>\n<meta name=\"twitter:card\" content=\"summary_large_image\" \/>\n<meta name=\"twitter:label1\" content=\"Szacowany czas czytania\" \/>\n\t<meta name=\"twitter:data1\" content=\"4 minuty\" \/>\n<script type=\"application\/ld+json\" class=\"yoast-schema-graph\">{\"@context\":\"https:\\\/\\\/schema.org\",\"@graph\":[{\"@type\":\"WebPage\",\"@id\":\"https:\\\/\\\/systemyszynowe.online\\\/?page_id=176\",\"url\":\"https:\\\/\\\/systemyszynowe.online\\\/?page_id=176\",\"name\":\"Redakcja - Systemyszynowe.online\",\"isPartOf\":{\"@id\":\"https:\\\/\\\/systemyszynowe.online\\\/#website\"},\"primaryImageOfPage\":{\"@id\":\"https:\\\/\\\/systemyszynowe.online\\\/?page_id=176#primaryimage\"},\"image\":{\"@id\":\"https:\\\/\\\/systemyszynowe.online\\\/?page_id=176#primaryimage\"},\"thumbnailUrl\":\"https:\\\/\\\/azzardolampy.pl\\\/wp-content\\\/uploads\\\/2023\\\/10\\\/KK-1.png\",\"datePublished\":\"2023-10-06T11:35:32+00:00\",\"dateModified\":\"2023-10-09T07:31:35+00:00\",\"breadcrumb\":{\"@id\":\"https:\\\/\\\/systemyszynowe.online\\\/?page_id=176#breadcrumb\"},\"inLanguage\":\"pl-PL\",\"potentialAction\":[{\"@type\":\"ReadAction\",\"target\":[\"https:\\\/\\\/systemyszynowe.online\\\/?page_id=176\"]}]},{\"@type\":\"ImageObject\",\"inLanguage\":\"pl-PL\",\"@id\":\"https:\\\/\\\/systemyszynowe.online\\\/?page_id=176#primaryimage\",\"url\":\"https:\\\/\\\/azzardolampy.pl\\\/wp-content\\\/uploads\\\/2023\\\/10\\\/KK-1.png\",\"contentUrl\":\"https:\\\/\\\/azzardolampy.pl\\\/wp-content\\\/uploads\\\/2023\\\/10\\\/KK-1.png\"},{\"@type\":\"BreadcrumbList\",\"@id\":\"https:\\\/\\\/systemyszynowe.online\\\/?page_id=176#breadcrumb\",\"itemListElement\":[{\"@type\":\"ListItem\",\"position\":1,\"name\":\"Home\",\"item\":\"https:\\\/\\\/systemyszynowe.online\\\/\"},{\"@type\":\"ListItem\",\"position\":2,\"name\":\"Redakcja\"}]},{\"@type\":\"WebSite\",\"@id\":\"https:\\\/\\\/systemyszynowe.online\\\/#website\",\"url\":\"https:\\\/\\\/systemyszynowe.online\\\/\",\"name\":\"Systemyszynowe.online\",\"description\":\"\u015awiat\u0142o na szynie, kreacja bez granic!\",\"potentialAction\":[{\"@type\":\"SearchAction\",\"target\":{\"@type\":\"EntryPoint\",\"urlTemplate\":\"https:\\\/\\\/systemyszynowe.online\\\/?s={search_term_string}\"},\"query-input\":{\"@type\":\"PropertyValueSpecification\",\"valueRequired\":true,\"valueName\":\"search_term_string\"}}],\"inLanguage\":\"pl-PL\"}]}<\/script>\n<!-- \/ Yoast SEO plugin. -->","yoast_head_json":{"title":"Redakcja - Systemyszynowe.online","robots":{"index":"index","follow":"follow","max-snippet":"max-snippet:-1","max-image-preview":"max-image-preview:large","max-video-preview":"max-video-preview:-1"},"canonical":"https:\/\/systemyszynowe.online\/?page_id=176","og_locale":"pl_PL","og_type":"article","og_title":"Redakcja - Systemyszynowe.online","og_description":"Kim jeste\u015bmy i dlaczego prowadzimy blog o o\u015bwietleniu szynowym? Jeste\u015bmy pasjonatami nowoczesnego designu i technologii o\u015bwietleniowej. Nasz zesp\u00f3\u0142 z\u0142o\u017cony jest z ekspert\u00f3w, projektant\u00f3w wn\u0119trz oraz entuzjast\u00f3w o\u015bwietlenia, kt\u00f3rzy postanowili podzieli\u0107 si\u0119 swoj\u0105 wiedz\u0105 i do\u015bwiadczeniem z szerokim gronem odbiorc\u00f3w. Cel: Promowanie wiedzy o o\u015bwietleniu szynowym, jego zaletach, mo\u017cliwo\u015bciach oraz trendach. Chcemy, aby ka\u017cdy, kto odwiedza &hellip;","og_url":"https:\/\/systemyszynowe.online\/?page_id=176","og_site_name":"Systemyszynowe.online","article_modified_time":"2023-10-09T07:31:35+00:00","og_image":[{"url":"https:\/\/azzardolampy.pl\/wp-content\/uploads\/2023\/10\/KK-1.png","type":"","width":"","height":""}],"twitter_card":"summary_large_image","twitter_misc":{"Szacowany czas czytania":"4 minuty"},"schema":{"@context":"https:\/\/schema.org","@graph":[{"@type":"WebPage","@id":"https:\/\/systemyszynowe.online\/?page_id=176","url":"https:\/\/systemyszynowe.online\/?page_id=176","name":"Redakcja - Systemyszynowe.online","isPartOf":{"@id":"https:\/\/systemyszynowe.online\/#website"},"primaryImageOfPage":{"@id":"https:\/\/systemyszynowe.online\/?page_id=176#primaryimage"},"image":{"@id":"https:\/\/systemyszynowe.online\/?page_id=176#primaryimage"},"thumbnailUrl":"https:\/\/azzardolampy.pl\/wp-content\/uploads\/2023\/10\/KK-1.png","datePublished":"2023-10-06T11:35:32+00:00","dateModified":"2023-10-09T07:31:35+00:00","breadcrumb":{"@id":"https:\/\/systemyszynowe.online\/?page_id=176#breadcrumb"},"inLanguage":"pl-PL","potentialAction":[{"@type":"ReadAction","target":["https:\/\/systemyszynowe.online\/?page_id=176"]}]},{"@type":"ImageObject","inLanguage":"pl-PL","@id":"https:\/\/systemyszynowe.online\/?page_id=176#primaryimage","url":"https:\/\/azzardolampy.pl\/wp-content\/uploads\/2023\/10\/KK-1.png","contentUrl":"https:\/\/azzardolampy.pl\/wp-content\/uploads\/2023\/10\/KK-1.png"},{"@type":"BreadcrumbList","@id":"https:\/\/systemyszynowe.online\/?page_id=176#breadcrumb","itemListElement":[{"@type":"ListItem","position":1,"name":"Home","item":"https:\/\/systemyszynowe.online\/"},{"@type":"ListItem","position":2,"name":"Redakcja"}]},{"@type":"WebSite","@id":"https:\/\/systemyszynowe.online\/#website","url":"https:\/\/systemyszynowe.online\/","name":"Systemyszynowe.online","description":"\u015awiat\u0142o na szynie, kreacja bez granic!","potentialAction":[{"@type":"SearchAction","target":{"@type":"EntryPoint","urlTemplate":"https:\/\/systemyszynowe.online\/?s={search_term_string}"},"query-input":{"@type":"PropertyValueSpecification","valueRequired":true,"valueName":"search_term_string"}}],"inLanguage":"pl-PL"}]}},"_links":{"self":[{"href":"https:\/\/systemyszynowe.online\/index.php?rest_route=\/wp\/v2\/pages\/176","targetHints":{"allow":["GET"]}}],"collection":[{"href":"https:\/\/systemyszynowe.online\/index.php?rest_route=\/wp\/v2\/pages"}],"about":[{"href":"https:\/\/systemyszynowe.online\/index.php?rest_route=\/wp\/v2\/types\/page"}],"author":[{"embeddable":true,"href":"https:\/\/systemyszynowe.online\/index.php?rest_route=\/wp\/v2\/users\/1"}],"replies":[{"embeddable":true,"href":"https:\/\/systemyszynowe.online\/index.php?rest_route=%2Fwp%2Fv2%2Fcomments&post=176"}],"version-history":[{"count":1,"href":"https:\/\/systemyszynowe.online\/index.php?rest_route=\/wp\/v2\/pages\/176\/revisions"}],"predecessor-version":[{"id":259,"href":"https:\/\/systemyszynowe.online\/index.php?rest_route=\/wp\/v2\/pages\/176\/revisions\/259"}],"wp:attachment":[{"href":"https:\/\/systemyszynowe.online\/index.php?rest_route=%2Fwp%2Fv2%2Fmedia&parent=176"}],"curies":[{"name":"wp","href":"https:\/\/api.w.org\/{rel}","templated":true}]}}