{"id":224,"date":"2023-10-08T15:05:43","date_gmt":"2023-10-08T13:05:43","guid":{"rendered":"http:\/\/systemyszynowe.online\/?page_id=224"},"modified":"2023-10-08T15:05:44","modified_gmt":"2023-10-08T13:05:44","slug":"polityka-prywatnosci-2","status":"publish","type":"page","link":"http:\/\/systemyszynowe.online\/?page_id=224","title":{"rendered":"Polityka prywatno\u015bci"},"content":{"rendered":"\n<p>Ochrona prywatno\u015bci u\u017cytkownik\u00f3w witryny http:\/\/systemyszynowe.online\/ ma dla nas bardzo du\u017ce znaczenie. Poni\u017cej wyja\u015bniamy, jakie dane gromadzimy oraz jakie stosujemy zasady dla ich przetwarzania i wykorzystywania. Ograniczamy wykorzystanie i zbieranie informacji o u\u017cytkownikach do niezb\u0119dnego minimum wymaganego do \u015bwiadczenia us\u0142ug na najwy\u017cszym poziomie, stosownie do art. 18 Ustawy o \u015bwiadczeniu us\u0142ug drog\u0105 elektroniczn\u0105.<\/p>\n\n\n\n<h2 class=\"wp-block-heading\">\u00a7 1 Postanowienia og\u00f3lne<\/h2>\n\n\n\n<ol class=\"wp-block-list\">\n<li>Administratorem danych osobowych u\u017cytkownik\u00f3w serwisu internetowego znajduj\u0105cego si\u0119 pod domen\u0105 witryny http:\/\/systemyszynowe.online\/ w rozumieniu Rozporz\u0105dzenia Parlamentu Europejskiego i Rady (UE) 2016\/679 z dnia 27.04.2016 r. w sprawie ochrony os\u00f3b fizycznych w zwi\u0105zku z przetwarzaniem danych osobowych i w sprawie swobodnego przep\u0142ywu takich danych oraz uchylenia dyrektywy 95\/46\/WE (zwane dalej: Og\u00f3lnym Rozporz\u0105dzeniem o Ochronie Danych Osobowych) oraz Ustawy z dnia 10 maja 2018 r. o ochronie danych osobowych (tj. Dz.U. 2018 poz. 1000 \u2013 zwan\u0105 dalej Ustaw\u0105 o ochronie danych osobowych), jest &#8222;TOMIX&#8221; SP\u00d3\u0141KA Z OGRANICZONA ODPOWIEDZIALNO\u015aCI\u0104 SP\u00d3\u0141KA KOMANDYTOWA z siedzib\u0105 w Szczecinie (adres siedziby i adres do dor\u0119cze\u0144: ul. Leopolda Staffa 31, 71-149 Szczecin); wpisana do Rejestru Przedsi\u0119biorc\u00f3w Krajowego Rejestru S\u0105dowego pod numerem KRS 0000464511; s\u0105d rejestrowy, w kt\u00f3rym przechowywana jest dokumentacja sp\u00f3\u0142ki: Sad Rejonowy Szczecin-Centrum w Szczecinie, XIII Wydzia\u0142 Gospodarczy Krajowego Rejestru Sadowego; NIP: 8511007473; REGON: 810670771; adres poczty elektronicznej: sklep@tomix.pl oraz numer telefonu: 665 023 775 &#8211; zwana dalej \u201eAdministratorem\u201d i b\u0119d\u0105ca jednocze\u015bnie Us\u0142ugodawc\u0105 Sklepu Internetowego i Sprzedawc\u0105. (dalej: \u201eADMINISTRATOR\u201d).<\/li>\n\n\n\n<li>Kontakt z Administratorem mo\u017cliwy jest: <br>&#8211; na adres e-mail: sklep@tomix.pl <br>&#8211; za pomoc\u0105 formularza dost\u0119pnego na stronie http:\/\/systemyszynowe.online\/?page_id=11 <br>&#8211; pisemnie, na adres Administratora: ul. Leopolda Staffa 31, 71-149 Szczecin.<\/li>\n\n\n\n<li>Celem Polityki jest okre\u015blenie dzia\u0142a\u0144 podejmowanych w zakresie danych osobowych gromadzonych za po\u015brednictwem strony internetowej Administratora oraz powi\u0105zanych z nimi us\u0142ug i narz\u0119dzi wykorzystywanych przez jej u\u017cytkownik\u00f3w.<\/li>\n\n\n\n<li>W celu zapoznania si\u0119 z zasadami ochrony prywatno\u015bci i danych osobowych obowi\u0105zuj\u0105cymi w ramach innych serwis\u00f3w internetowych, do kt\u00f3rych u\u017cytkownik mo\u017ce zosta\u0107 przekierowany poprzez klikni\u0119cie w zamieszczone w serwisie \u0142\u0105cza (\u201elinki\u201d), prosimy o zapoznanie si\u0119 z Politykami obowi\u0105zuj\u0105cymi w ramach tych serwis\u00f3w. U\u017cytkownik, kt\u00f3ry korzysta z serwisu, potwierdza zapoznanie si\u0119 z postanowieniami niniejszej Polityki oraz zrozumienie ich tre\u015bci.<\/li>\n\n\n\n<li>W razie konieczno\u015bci, postanowienia niniejszej Polityki mog\u0105 ulec zmianie.<\/li>\n<\/ol>\n\n\n\n<h2 class=\"wp-block-heading\">\u00a7 2 Pozyskiwanie, gromadzenie i przechowywanie danych osobowych<\/h2>\n\n\n\n<ol class=\"wp-block-list\">\n<li>Dane osobowe u\u017cytkownik\u00f3w s\u0105 przetwarzane zgodnie z Og\u00f3lnym Rozporz\u0105dzeniem o Ochronie Danych Osobowych, Ustaw\u0105 o ochronie danych osobowych oraz Ustaw\u0105 o \u015bwiadczeniu us\u0142ug drog\u0105 elektroniczn\u0105 z dnia 18 lipca 2002 r. (Dz. U. z 2017 r. poz. 1219 z p\u00f3\u017an. zm.).<\/li>\n\n\n\n<li>U\u017cytkownicy nie maj\u0105 obowi\u0105zku podawania swoich danych osobowych, aby m\u00f3c skorzysta\u0107 z serwisu. Za jego po\u015brednictwem mog\u0105 by\u0107 jednak gromadzone dane osobowe, specyficznie i dobrowolnie udost\u0119pniane przez u\u017cytkownik\u00f3w. W takim przypadku zgoda u\u017cytkownika na przetwarzanie jego danych osobowych zostanie pozyskana zgodnie z obowi\u0105zuj\u0105cymi przepisami o ochronie danych osobowych przez administratora danych, kt\u00f3ry poinformuje u\u017cytkownika o zbieraniu i przetwarzaniu danych osobowych przed ich pozyskaniem i rozpocz\u0119ciem przetwarzania.<\/li>\n\n\n\n<li>W zwi\u0105zku z powy\u017cszym, przetwarzanie danych osobowych u\u017cytkownik\u00f3w odbywa si\u0119 na podstawie art. 6 ust. 1 lit. a Og\u00f3lnego Rozporz\u0105dzenia o Ochronie Danych, zgodnie z kt\u00f3rym przetwarzanie jest zgodne z prawem wtedy, gdy osoba, kt\u00f3rej dane dotycz\u0105, wyrazi\u0142a zgod\u0119 na przetwarzanie swoich danych osobowych w jednym lub wi\u0119kszej liczbie okre\u015blonych cel\u00f3w.<\/li>\n\n\n\n<li>Wyra\u017cenie zgody na przetwarzanie danych osobowych u\u017cytkownik\u00f3w polega na zaznaczeniu okienka wyboru w serwisie internetowym.<\/li>\n\n\n\n<li>U\u017cytkownik ma prawo do cofni\u0119cia wyra\u017conej zgody w dowolnym momencie, bez wp\u0142ywu na zgodno\u015b\u0107 z prawem przetwarzania, kt\u00f3rego dokonano na podstawie zgody przed jej cofni\u0119ciem.<\/li>\n\n\n\n<li>W przypadku przetwarzania danych osobowych na podstawie przes\u0142anego przez u\u017cytkownika witryny formularzy kontaktowych na stronie http:\/\/systemyszynowe.online\/ przetwarzanie takie nast\u0119puje na podstawie art. 6 ust. 1 lit. b Og\u00f3lnego Rozporz\u0105dzenia o Ochronie Danych, zgodnie z kt\u00f3rym przetwarzanie danych jest konieczne w celu podj\u0119cia dzia\u0142a\u0144 na \u017c\u0105danie osoby, kt\u00f3rej dane dotycz\u0105.<\/li>\n\n\n\n<li>W przypadku uzyskania odr\u0119bnej zgody u\u017cytkownika, jego dane osobowe mog\u0105 by\u0107 przetwarzane przez administratora r\u00f3wnie\u017c w celach marketingowych, w tym w celu kierowania informacji handlowej drog\u0105 elektroniczn\u0105 na wskazany przez u\u017cytkownika adres e-mail. W przypadku wyra\u017cenia przez u\u017cytkownika dobrowolnej zgody jego dane osobowe b\u0119d\u0105 r\u00f3wnie\u017c przetwarzane dla cel\u00f3w marketingowych przez podmioty wsp\u00f3\u0142pracuj\u0105ce z administratorem.<\/li>\n\n\n\n<li>Witryna nie s\u0142u\u017cy pozyskiwaniu i przetwarzaniu specjalnych kategorii danych osobowych (danych wra\u017cliwych).<\/li>\n\n\n\n<li>Administrator dok\u0142ada szczeg\u00f3lnej staranno\u015bci w celu ochrony interes\u00f3w os\u00f3b, kt\u00f3rych dane dotycz\u0105, a w szczeg\u00f3lno\u015bci zapewnia, \u017ce pozyskiwane przez niego dane s\u0105 przetwarzane zgodnie z prawem; zbierane dla oznaczonych, zgodnych z prawem cel\u00f3w i niepoddawane dalszemu przetwarzaniu niezgodnemu z tymi celami; merytorycznie poprawne i adekwatne w stosunku do cel\u00f3w, w jakich s\u0105 przetwarzane oraz przechowywane w postaci umo\u017cliwiaj\u0105cej identyfikacj\u0119 os\u00f3b, kt\u00f3rych dotycz\u0105.<\/li>\n\n\n\n<li>Dane osobowe u\u017cytkownik\u00f3w przechowywane s\u0105 nie d\u0142u\u017cej ni\u017c jest to niezb\u0119dne do osi\u0105gni\u0119cia celu przetwarzania.<\/li>\n<\/ol>\n\n\n\n<h2 class=\"wp-block-heading\">\u00a7 3 Cele przetwarzania pozyskiwanych danych osobowych<\/h2>\n\n\n\n<ol class=\"wp-block-list\">\n<li>Administrator jest uprawniony do wykorzystywania zgromadzonych i przechowywanych danych w nast\u0119puj\u0105cych celach:\n<ol class=\"wp-block-list\">\n<li>zapewnianie obs\u0142ugi u\u017cytkownik\u00f3w,<\/li>\n\n\n\n<li>zawierania i realizacji us\u0142ug \u015bwiadczonych drog\u0105 elektroniczn\u0105,<\/li>\n\n\n\n<li>dostosowywanie oferty do zainteresowa\u0144 u\u017cytkownik\u00f3w, w tym reklam i informacji handlowych,<\/li>\n\n\n\n<li>kontaktowanie si\u0119 z u\u017cytkownikami, w tym w celach zwi\u0105zanych ze \u015bwiadczeniem us\u0142ug, obs\u0142ug\u0105 u\u017cytkownik\u00f3w, dozwolonymi dzia\u0142aniami marketingowymi, poprzez dost\u0119pne kana\u0142y komunikacji, w szczeg\u00f3lno\u015bci e-mail oraz telefon,<\/li>\n\n\n\n<li>przeprowadzanie bada\u0144 i analiz w celu poprawy dzia\u0142ania dost\u0119pnych us\u0142ug.<\/li>\n<\/ol>\n<\/li>\n\n\n\n<li>Administrator jest uprawniony do przechowywania zgromadzonych danych wy\u0142\u0105cznie w zakresie realizacji powy\u017cej okre\u015blonych cel\u00f3w w okresie nie d\u0142u\u017cszym ni\u017c jest to niezb\u0119dne w zwi\u0105zku z korzystaniem z serwisu i do osi\u0105gni\u0119cia celu przetwarzania.<\/li>\n<\/ol>\n\n\n\n<h2 class=\"wp-block-heading\">\u00a7 4 Udost\u0119pnianie danych<\/h2>\n\n\n\n<ol class=\"wp-block-list\">\n<li>Administrator zapewnia, \u017ce wszelkie zebrane dane osobowe s\u0142u\u017c\u0105 do realizacji zobowi\u0105za\u0144 wobec u\u017cytkownik\u00f3w (np. us\u0142ugi dostarczania subskrybowanych wiadomo\u015bci lub obs\u0142ugi panelu klienta). Informacje te nie b\u0119d\u0105 udost\u0119pniane osobom trzecim za wyj\u0105tkiem sytuacji, gdy:\n<ol class=\"wp-block-list\">\n<li>uprzednio zostanie wyra\u017cona wyra\u017ana zgoda os\u00f3b, kt\u00f3rych one dotycz\u0105, na takie dzia\u0142anie, lub<\/li>\n\n\n\n<li>je\u017celi obowi\u0105zek przekazania tych danych wynika lub b\u0119dzie wynika\u0107 z obowi\u0105zuj\u0105cych przepis\u00f3w prawa.<\/li>\n<\/ol>\n<\/li>\n\n\n\n<li>Administrator mo\u017ce umownie powierza\u0107 przetwarzanie zebranych danych innym podmiotom z zastrze\u017ceniem art. 28 RODO.<\/li>\n\n\n\n<li>W ramach przyj\u0119tej Polityki Administratora zobowi\u0105zuje si\u0119 nie wypo\u017cycza\u0107 ani nie sprzedawa\u0107 danych osobowych u\u017cytkownik\u00f3w. W przypadku restrukturyzacji lub sprzeda\u017cy prowadzonej dzia\u0142alno\u015bci lub jego cz\u0119\u015bci oraz przeniesienia ca\u0142ego maj\u0105tku lub znacz\u0105cej jego cz\u0119\u015bci na nowego w\u0142a\u015bciciela dane osobowe u\u017cytkownik\u00f3w mog\u0105 zosta\u0107 przeniesione na kupuj\u0105cego, w celu zapewnienia kontynuacji \u015bwiadczenia us\u0142ugi.<\/li>\n\n\n\n<li>Administrator mo\u017ce udost\u0119pnia\u0107 dane zanonimizowane (tj. takie, kt\u00f3re nie identyfikuj\u0105 konkretnych U\u017cytkownik\u00f3w) zewn\u0119trznym us\u0142ugodawcom, zaufanym partnerom lub agencjom badawczym w celu lepszego rozpoznania atrakcyjno\u015bci reklam i us\u0142ug dla U\u017cytkownik\u00f3w, poprawy og\u00f3lnej jako\u015bci i efektywno\u015bci \u015bwiadczonych us\u0142ug lub udzia\u0142u w badaniach naukowych przynosz\u0105cych szeroko rozumian\u0105 korzy\u015b\u0107 spo\u0142eczn\u0105.<\/li>\n<\/ol>\n\n\n\n<h2 class=\"wp-block-heading\">\u00a7 5 Metody kontroli przez U\u017cytkownika<\/h2>\n\n\n\n<ol class=\"wp-block-list\">\n<li>U\u017cytkownik, kt\u00f3rego dane osobowe s\u0105 przetwarzane ma prawo wgl\u0105du do swoich danych, ich uzupe\u0142nienia, uaktualnienia, sprostowania, czasowego lub sta\u0142ego ograniczenia ich przetwarzania, \u017c\u0105dania ich usuni\u0119cia lub przeniesienia. Wgl\u0105d, uzupe\u0142nienie, uaktualnienie, sprostowanie, ograniczenie przetwarzania, usuni\u0119cie danych lub ich przeniesienie odbywa si\u0119 na podstawie \u017c\u0105dania u\u017cytkownika przes\u0142anego na adres poczty elektronicznej sklep@tomix.pl.<\/li>\n\n\n\n<li>\u017b\u0105danie takie powinno zawiera\u0107 imi\u0119 i nazwisko u\u017cytkownika.<\/li>\n\n\n\n<li>U\u017cytkownik zapewnia, \u017ce podawane lub publikowane przez niego w serwisie dane s\u0105 poprawne.<\/li>\n<\/ol>\n\n\n\n<h2 class=\"wp-block-heading\">\u00a7 6 Prawo do wniesienia skargi<\/h2>\n\n\n\n<p>Dok\u0142adamy wszelkich stara\u0144, aby przetwarzanie Pa\u0144stwa danych osobowych odbywa\u0142o si\u0119 w spos\u00f3b zgodny z przepisami prawa. Je\u017celi jednak uznaj\u0105 Pa\u0144stwo, i\u017c dopu\u015bcili\u015bmy si\u0119 naruszenia, maj\u0105 Pa\u0144stwo prawo wniesienia skargi do organu nadzorczego (Prezesa Urz\u0119du Ochrony Danych Osobowych).<\/p>\n\n\n\n<h2 class=\"wp-block-heading\">\u00a7 7 Bezpiecze\u0144stwo<\/h2>\n\n\n\n<p>Wszystkie zbierane dane chronione s\u0105 z u\u017cyciem odpowiednich \u015brodk\u00f3w technicznych i organizacyjnych oraz procedur bezpiecze\u0144stwa w celu zabezpieczenia ich przed przypadkowym zniszczeniem, utrat\u0105, dost\u0119pem os\u00f3b nieupowa\u017cnionych lub ich nieupowa\u017cnionym wykorzystaniem.<\/p>\n\n\n\n<h2 class=\"wp-block-heading\">\u00a7 8 Polityka Cookies<\/h2>\n\n\n\n<ol class=\"wp-block-list\">\n<li>Poprzez pliki \u201ecookies\u201d nale\u017cy rozumie\u0107 dane informatyczne, w szczeg\u00f3lno\u015bci pliki tekstowe, przechowywane na urz\u0105dzeniach ko\u0144cowych u\u017cytkownik\u00f3w (zazwyczaj na twardym dysku komputera lub w urz\u0105dzeniu mobilnym) s\u0142u\u017c\u0105ce do zapisywania przez przegl\u0105dark\u0119 u\u017cytkownika okre\u015blonych ustawie\u0144 i danych w celu korzystania ze stron internetowych. Pliki te pozwalaj\u0105 rozpozna\u0107 urz\u0105dzenie u\u017cytkownika i odpowiednio wy\u015bwietli\u0107 stron\u0119 internetow\u0105, zapewniaj\u0105c maksymalny komfort podczas jej u\u017cytkowania. Przechowywanie plik\u00f3w \u201ecookies\u201d umo\u017cliwia zatem odpowiednie przygotowanie strony internetowej i oferty pod k\u0105tem preferencji u\u017cytkownika \u2013 serwer rozpoznaje go i pami\u0119ta m. in. preferencje takie jak: odwiedziny, klikni\u0119cia, poprzednie dzia\u0142ania.<\/li>\n\n\n\n<li>\u201eCookies\u201d zawieraj\u0105 w szczeg\u00f3lno\u015bci nazw\u0119 domeny serwisu internetowego, z kt\u00f3rego pochodz\u0105, czas przechowywania ich na urz\u0105dzeniu ko\u0144cowym oraz unikalny numer s\u0142u\u017c\u0105cy do identyfikacji przegl\u0105darki, z kt\u00f3rej nast\u0119puje po\u0142\u0105czenie ze stron\u0105 internetow\u0105.<\/li>\n\n\n\n<li>Pliki \u201ecookies\u201d u\u017cywane s\u0105 w celu:\n<ol class=\"wp-block-list\">\n<li>dostosowania zawarto\u015bci stron internetowych do preferencji u\u017cytkownika oraz optymalizacji korzystania ze stron internetowych,<\/li>\n\n\n\n<li>utrzymania sesji u\u017cytkownika serwisu internetowego (po zalogowaniu), co umo\u017cliwia brak konieczno\u015bci ponownego logowania na ka\u017cdej z podstron witryny,<\/li>\n\n\n\n<li>tworzenia anonimowych statystyk, kt\u00f3re poprzez pomoc w ustaleniu w jaki spos\u00f3b u\u017cytkownik korzysta ze stron internetowych umo\u017cliwiaj\u0105 ulepszanie ich struktur i zawarto\u015bci,<\/li>\n\n\n\n<li>dostarczania u\u017cytkownikom witryny tre\u015bci reklamowych dostosowanych do ich zainteresowa\u0144.<\/li>\n<\/ol>\n<\/li>\n\n\n\n<li>Pliki \u201ecookies\u201d nie s\u0142u\u017c\u0105 identyfikacji u\u017cytkownika i na ich podstawie nie jest ustalana jego to\u017csamo\u015b\u0107.<\/li>\n\n\n\n<li>Zasadniczy podzia\u0142 plik\u00f3w \u201ecookies\u201d stanowi ich rozr\u00f3\u017cnienie na:\n<ol class=\"wp-block-list\">\n<li>Pliki \u201ecookies\u201d o charakterze sta\u0142ym (persistent cookies) przechowywane s\u0105 na urz\u0105dzeniu u\u017cytkownika przez czas okre\u015blony w parametrach plik\u00f3w \u201ecookies\u201d lub te\u017c do momentu ich r\u0119cznego usuni\u0119cia przez u\u017cytkownika.<\/li>\n\n\n\n<li>Pliki \u201ecookies\u201d o charakterze tymczasowym (session cookies) s\u0105 plikami tymczasowymi, usuwanymi automatycznie po wylogowaniu ze strony internetowej lub zamkni\u0119ciu okna przegl\u0105darki internetowej.<\/li>\n<\/ol>\n<\/li>\n\n\n\n<li>Szczeg\u00f3\u0142owy podzia\u0142 plik\u00f3w \u201ecookies\u201d stanowi ich rozr\u00f3\u017cnienie na:\n<ol class=\"wp-block-list\">\n<li>Pliki \u201ecookies\u201d wyr\u00f3\u017cniane ze wzgl\u0119du na niezb\u0119dno\u015b\u0107 do realizacji us\u0142ugi (w tym pliki niezb\u0119dne \u2013 absolutnie konieczne do prawid\u0142owego funkcjonowania witryny lub jej funkcji i pliki funkcjonalne \u2013 bez nich serwis b\u0119dzie dzia\u0142a\u0107 w pe\u0142ni prawid\u0142owo, jednak\u017ce niemo\u017cliwym b\u0119dzie dostosowanie go do preferencji u\u017cytkownika)<\/li>\n\n\n\n<li>Pliki \u201ecookies\u201d wyr\u00f3\u017cniane ze wzgl\u0119du na ich pochodzenie (w tym pliki w\u0142asne (first party cookies) \u2013 cookies umieszczone bezpo\u015brednio przez w\u0142a\u015bciciela witryny jaka zosta\u0142a odwiedzona i pliki zewn\u0119trzne (third-party cookies) \u2013 cookies umieszczone przez zewn\u0119trzne podmioty, kt\u00f3rych komponenty stron zosta\u0142y wywo\u0142ane przez w\u0142a\u015bciciela strony.<\/li>\n\n\n\n<li>Pliki \u201ecookies\u201d wyr\u00f3\u017cniane ze wzgl\u0119du na ich przeznaczenie (w tym pliki s\u0142u\u017c\u0105ce konfiguracji, bezpiecze\u0144stwu i niezawodno\u015bci serwisu, uwierzytelnianiu, reklamie czy dostosowaniu wy\u015bwietlanych informacji do lokalizacji u\u017cytkownika).<\/li>\n<\/ol>\n<\/li>\n\n\n\n<li>Stosownie plik\u00f3w \u201ecookies\u201d w celu dostosowania zawarto\u015bci stron internetowych do preferencji u\u017cytkownika nie oznacza co do zasady gromadzenia \u017cadnych informacji pozwalaj\u0105cych na identyfikacj\u0119 u\u017cytkownika, chocia\u017c informacje te mog\u0105 mie\u0107 niekiedy charakter danych osobowych to jest danych umo\u017cliwiaj\u0105cych przypisanie pewnych zachowa\u0144 konkretnemu u\u017cytkownikowi. Dane osobowe gromadzone przy u\u017cyciu plik\u00f3w \u201ecookies\u201d mog\u0105 by\u0107 zbierane wy\u0142\u0105cznie w celu wykonywania okre\u015blonych funkcji na rzecz u\u017cytkownika. Takie dane s\u0105 zaszyfrowane w spos\u00f3b uniemo\u017cliwiaj\u0105cy dost\u0119p do nich osobom nieuprawnionym.<\/li>\n\n\n\n<li>Pliki cookies wykorzystywane przez niniejsz\u0105 stron\u0119 nie s\u0105 szkodliwe ani dla u\u017cytkownika ani dla urz\u0105dzenia ko\u0144cowego przez niego wykorzystywanego, dlatego w celu prawid\u0142owego funkcjonowania serwisu zalecane jest niewy\u0142\u0105czanie ich obs\u0142ugi w przegl\u0105darkach. W wielu przypadkach oprogramowanie s\u0142u\u017c\u0105ce do przegl\u0105dania stron internetowych (przegl\u0105darka internetowa) domy\u015blnie dopuszcza przechowywanie informacji w formie plik\u00f3w \u201ecookies\u201d i innych podobnych technologii w urz\u0105dzeniu ko\u0144cowym u\u017cytkownika. U\u017cytkownik w ka\u017cdej chwili mo\u017ce zmieni\u0107 spos\u00f3b korzystania z plik\u00f3w \u201ecookies\u201d przez przegl\u0105dark\u0119. W tym celu nale\u017cy zmieni\u0107 ustawienia przegl\u0105darki. Spos\u00f3b dokonania zmiany ustawie\u0144 r\u00f3\u017cni si\u0119 w zale\u017cno\u015bci od u\u017cywanego oprogramowania (przegl\u0105darki internetowej). Odpowiednie wskaz\u00f3wki znajdziesz na podstronach, w zale\u017cno\u015bci od przegl\u0105darki, kt\u00f3rej u\u017cywasz.<\/li>\n\n\n\n<li>Szczeg\u00f3\u0142owe informacje o zarz\u0105dzaniu plikami cookies na telefonie kom\u00f3rkowym lub innym urz\u0105dzeniu mobilnym powinny znajdowa\u0107 si\u0119 w instrukcji obs\u0142ugi danego urz\u0105dzenia mobilnego. W ka\u017cdej chwili Klient mo\u017ce tak\u017ce usun\u0105\u0107 swoje dane z bazy Google Analytics.<\/li>\n<\/ol>\n","protected":false},"excerpt":{"rendered":"<p>Ochrona prywatno\u015bci u\u017cytkownik\u00f3w witryny http:\/\/systemyszynowe.online\/ ma dla nas bardzo du\u017ce znaczenie. Poni\u017cej wyja\u015bniamy, jakie dane gromadzimy oraz jakie stosujemy zasady dla ich przetwarzania i wykorzystywania. Ograniczamy wykorzystanie i zbieranie informacji o u\u017cytkownikach do niezb\u0119dnego minimum wymaganego do \u015bwiadczenia us\u0142ug na najwy\u017cszym poziomie, stosownie do art. 18 Ustawy o \u015bwiadczeniu us\u0142ug drog\u0105 elektroniczn\u0105. \u00a7 1 Postanowienia &hellip; <\/p>\n","protected":false},"author":1,"featured_media":0,"parent":0,"menu_order":0,"comment_status":"closed","ping_status":"closed","template":"","meta":{"footnotes":""},"class_list":["post-224","page","type-page","status-publish","hentry"],"aioseo_notices":[],"yoast_head":"<!-- This site is optimized with the Yoast SEO plugin v27.4 - https:\/\/yoast.com\/product\/yoast-seo-wordpress\/ -->\n<title>Polityka prywatno\u015bci - Systemyszynowe.online<\/title>\n<meta name=\"robots\" content=\"index, follow, max-snippet:-1, max-image-preview:large, max-video-preview:-1\" \/>\n<link rel=\"canonical\" href=\"http:\/\/systemyszynowe.online\/?page_id=224\" \/>\n<meta property=\"og:locale\" content=\"pl_PL\" \/>\n<meta property=\"og:type\" content=\"article\" \/>\n<meta property=\"og:title\" content=\"Polityka prywatno\u015bci - Systemyszynowe.online\" \/>\n<meta property=\"og:description\" content=\"Ochrona prywatno\u015bci u\u017cytkownik\u00f3w witryny http:\/\/systemyszynowe.online\/ ma dla nas bardzo du\u017ce znaczenie. Poni\u017cej wyja\u015bniamy, jakie dane gromadzimy oraz jakie stosujemy zasady dla ich przetwarzania i wykorzystywania. Ograniczamy wykorzystanie i zbieranie informacji o u\u017cytkownikach do niezb\u0119dnego minimum wymaganego do \u015bwiadczenia us\u0142ug na najwy\u017cszym poziomie, stosownie do art. 18 Ustawy o \u015bwiadczeniu us\u0142ug drog\u0105 elektroniczn\u0105. \u00a7 1 Postanowienia &hellip;\" \/>\n<meta property=\"og:url\" content=\"http:\/\/systemyszynowe.online\/?page_id=224\" \/>\n<meta property=\"og:site_name\" content=\"Systemyszynowe.online\" \/>\n<meta property=\"article:modified_time\" content=\"2023-10-08T13:05:44+00:00\" \/>\n<meta name=\"twitter:card\" content=\"summary_large_image\" \/>\n<meta name=\"twitter:label1\" content=\"Szacowany czas czytania\" \/>\n\t<meta name=\"twitter:data1\" content=\"11 minut\" \/>\n<script type=\"application\/ld+json\" class=\"yoast-schema-graph\">{\"@context\":\"https:\\\/\\\/schema.org\",\"@graph\":[{\"@type\":\"WebPage\",\"@id\":\"http:\\\/\\\/systemyszynowe.online\\\/?page_id=224\",\"url\":\"http:\\\/\\\/systemyszynowe.online\\\/?page_id=224\",\"name\":\"Polityka prywatno\u015bci - Systemyszynowe.online\",\"isPartOf\":{\"@id\":\"https:\\\/\\\/systemyszynowe.online\\\/#website\"},\"datePublished\":\"2023-10-08T13:05:43+00:00\",\"dateModified\":\"2023-10-08T13:05:44+00:00\",\"breadcrumb\":{\"@id\":\"http:\\\/\\\/systemyszynowe.online\\\/?page_id=224#breadcrumb\"},\"inLanguage\":\"pl-PL\",\"potentialAction\":[{\"@type\":\"ReadAction\",\"target\":[\"http:\\\/\\\/systemyszynowe.online\\\/?page_id=224\"]}]},{\"@type\":\"BreadcrumbList\",\"@id\":\"http:\\\/\\\/systemyszynowe.online\\\/?page_id=224#breadcrumb\",\"itemListElement\":[{\"@type\":\"ListItem\",\"position\":1,\"name\":\"Home\",\"item\":\"https:\\\/\\\/systemyszynowe.online\\\/\"},{\"@type\":\"ListItem\",\"position\":2,\"name\":\"Polityka prywatno\u015bci\"}]},{\"@type\":\"WebSite\",\"@id\":\"https:\\\/\\\/systemyszynowe.online\\\/#website\",\"url\":\"https:\\\/\\\/systemyszynowe.online\\\/\",\"name\":\"Systemyszynowe.online\",\"description\":\"\u015awiat\u0142o na szynie, kreacja bez granic!\",\"potentialAction\":[{\"@type\":\"SearchAction\",\"target\":{\"@type\":\"EntryPoint\",\"urlTemplate\":\"https:\\\/\\\/systemyszynowe.online\\\/?s={search_term_string}\"},\"query-input\":{\"@type\":\"PropertyValueSpecification\",\"valueRequired\":true,\"valueName\":\"search_term_string\"}}],\"inLanguage\":\"pl-PL\"}]}<\/script>\n<!-- \/ Yoast SEO plugin. -->","yoast_head_json":{"title":"Polityka prywatno\u015bci - Systemyszynowe.online","robots":{"index":"index","follow":"follow","max-snippet":"max-snippet:-1","max-image-preview":"max-image-preview:large","max-video-preview":"max-video-preview:-1"},"canonical":"http:\/\/systemyszynowe.online\/?page_id=224","og_locale":"pl_PL","og_type":"article","og_title":"Polityka prywatno\u015bci - Systemyszynowe.online","og_description":"Ochrona prywatno\u015bci u\u017cytkownik\u00f3w witryny http:\/\/systemyszynowe.online\/ ma dla nas bardzo du\u017ce znaczenie. Poni\u017cej wyja\u015bniamy, jakie dane gromadzimy oraz jakie stosujemy zasady dla ich przetwarzania i wykorzystywania. Ograniczamy wykorzystanie i zbieranie informacji o u\u017cytkownikach do niezb\u0119dnego minimum wymaganego do \u015bwiadczenia us\u0142ug na najwy\u017cszym poziomie, stosownie do art. 18 Ustawy o \u015bwiadczeniu us\u0142ug drog\u0105 elektroniczn\u0105. \u00a7 1 Postanowienia &hellip;","og_url":"http:\/\/systemyszynowe.online\/?page_id=224","og_site_name":"Systemyszynowe.online","article_modified_time":"2023-10-08T13:05:44+00:00","twitter_card":"summary_large_image","twitter_misc":{"Szacowany czas czytania":"11 minut"},"schema":{"@context":"https:\/\/schema.org","@graph":[{"@type":"WebPage","@id":"http:\/\/systemyszynowe.online\/?page_id=224","url":"http:\/\/systemyszynowe.online\/?page_id=224","name":"Polityka prywatno\u015bci - Systemyszynowe.online","isPartOf":{"@id":"https:\/\/systemyszynowe.online\/#website"},"datePublished":"2023-10-08T13:05:43+00:00","dateModified":"2023-10-08T13:05:44+00:00","breadcrumb":{"@id":"http:\/\/systemyszynowe.online\/?page_id=224#breadcrumb"},"inLanguage":"pl-PL","potentialAction":[{"@type":"ReadAction","target":["http:\/\/systemyszynowe.online\/?page_id=224"]}]},{"@type":"BreadcrumbList","@id":"http:\/\/systemyszynowe.online\/?page_id=224#breadcrumb","itemListElement":[{"@type":"ListItem","position":1,"name":"Home","item":"https:\/\/systemyszynowe.online\/"},{"@type":"ListItem","position":2,"name":"Polityka prywatno\u015bci"}]},{"@type":"WebSite","@id":"https:\/\/systemyszynowe.online\/#website","url":"https:\/\/systemyszynowe.online\/","name":"Systemyszynowe.online","description":"\u015awiat\u0142o na szynie, kreacja bez granic!","potentialAction":[{"@type":"SearchAction","target":{"@type":"EntryPoint","urlTemplate":"https:\/\/systemyszynowe.online\/?s={search_term_string}"},"query-input":{"@type":"PropertyValueSpecification","valueRequired":true,"valueName":"search_term_string"}}],"inLanguage":"pl-PL"}]}},"_links":{"self":[{"href":"http:\/\/systemyszynowe.online\/index.php?rest_route=\/wp\/v2\/pages\/224","targetHints":{"allow":["GET"]}}],"collection":[{"href":"http:\/\/systemyszynowe.online\/index.php?rest_route=\/wp\/v2\/pages"}],"about":[{"href":"http:\/\/systemyszynowe.online\/index.php?rest_route=\/wp\/v2\/types\/page"}],"author":[{"embeddable":true,"href":"http:\/\/systemyszynowe.online\/index.php?rest_route=\/wp\/v2\/users\/1"}],"replies":[{"embeddable":true,"href":"http:\/\/systemyszynowe.online\/index.php?rest_route=%2Fwp%2Fv2%2Fcomments&post=224"}],"version-history":[{"count":0,"href":"http:\/\/systemyszynowe.online\/index.php?rest_route=\/wp\/v2\/pages\/224\/revisions"}],"wp:attachment":[{"href":"http:\/\/systemyszynowe.online\/index.php?rest_route=%2Fwp%2Fv2%2Fmedia&parent=224"}],"curies":[{"name":"wp","href":"https:\/\/api.w.org\/{rel}","templated":true}]}}